{"id":10,"date":"2024-09-08T14:31:50","date_gmt":"2024-09-08T14:31:50","guid":{"rendered":"https:\/\/premium-tvs.com\/fr\/index.php\/shop\/"},"modified":"2025-02-22T11:45:56","modified_gmt":"2025-02-22T11:45:56","slug":"forfaits_abonnement_iptv","status":"publish","type":"page","link":"https:\/\/premium-tvs.com\/fr\/forfaits_abonnement_iptv\/","title":{"rendered":"Forfaits Abonnement IPTV"},"content":{"rendered":"\t\t<div data-elementor-type=\"wp-page\" data-elementor-id=\"10\" class=\"elementor elementor-10\">\n\t\t\t\t\t\t<section class=\"elementor-section elementor-top-section elementor-element elementor-element-e3c664b elementor-section-boxed elementor-section-height-default elementor-section-height-default\" data-id=\"e3c664b\" data-element_type=\"section\">\n\t\t\t\t\t\t<div class=\"elementor-container elementor-column-gap-default\">\n\t\t\t\t\t<div class=\"elementor-column elementor-col-100 elementor-top-column elementor-element elementor-element-dafe62a\" data-id=\"dafe62a\" data-element_type=\"column\">\n\t\t\t<div class=\"elementor-widget-wrap elementor-element-populated\">\n\t\t\t\t\t\t<section class=\"elementor-section elementor-inner-section elementor-element elementor-element-27396e3 elementor-section-boxed elementor-section-height-default elementor-section-height-default\" data-id=\"27396e3\" data-element_type=\"section\">\n\t\t\t\t\t\t<div class=\"elementor-container elementor-column-gap-default\">\n\t\t\t\t\t<div class=\"elementor-column elementor-col-100 elementor-inner-column elementor-element elementor-element-51dfa2b\" data-id=\"51dfa2b\" data-element_type=\"column\">\n\t\t\t<div class=\"elementor-widget-wrap elementor-element-populated\">\n\t\t\t\t\t\t<div class=\"elementor-element elementor-element-8050cde elementor-widget elementor-widget-heading bdevs-el heading\" data-id=\"8050cde\" data-element_type=\"widget\" data-settings=\"{&quot;design_style&quot;:&quot;style_1&quot;}\" data-widget_type=\"heading.default\">\n\t\t\t\t<div class=\"elementor-widget-container\">\n\t\t\t\t\t        \n                            <div class=\"section-title\">\n                    <h2 class=\"title bdevs-el-title\">Plans Tarifaires Des Abonnements <br> PREMIUM TVS<\/h2>                <\/div>\n                            \n\n        \n\t\t\t\t<\/div>\n\t\t\t\t<\/div>\n\t\t\t\t\t<\/div>\n\t\t<\/div>\n\t\t\t\t\t<\/div>\n\t\t<\/section>\n\t\t\t\t\t<\/div>\n\t\t<\/div>\n\t\t\t\t\t<\/div>\n\t\t<\/section>\n\t\t\t\t<section class=\"elementor-section elementor-top-section elementor-element elementor-element-47e7bb3 elementor-section-boxed elementor-section-height-default elementor-section-height-default\" data-id=\"47e7bb3\" data-element_type=\"section\">\n\t\t\t\t\t\t<div class=\"elementor-container elementor-column-gap-extended\">\n\t\t\t\t\t<div class=\"elementor-column elementor-col-25 elementor-top-column elementor-element elementor-element-470602b\" data-id=\"470602b\" data-element_type=\"column\">\n\t\t\t<div class=\"elementor-widget-wrap elementor-element-populated\">\n\t\t\t\t\t\t<div class=\"elementor-element elementor-element-6858eed elementor-widget elementor-widget-pricing_table bdevs-el pricing_table\" data-id=\"6858eed\" data-element_type=\"widget\" data-settings=\"{&quot;design_style&quot;:&quot;style_2&quot;}\" data-widget_type=\"pricing_table.default\">\n\t\t\t\t<div class=\"elementor-widget-container\">\n\t\t\t\t\t        \n            <div class=\"pricing-three-item mb-30 \">\n                <div class=\"pricing-three-head\">\n                                            <h4 class=\"title bdevselement-pricing-table-title\">Starter TVS<\/h4>\n                    \n                                            <span class=\"devices-support\">01 \u00e9cran<\/span>\n                    \n\n                    <ul class=\"devices-icon-wrap\">\n                                                    <li><i aria-hidden=\"true\" class=\" flaticon-tv\"><\/i>                            <\/li>\n                                            <\/ul>\n                <\/div>\n\n                                    <div class=\"pricing-three-list netfix_pricing_before_disable bdevselement-pricing-table-features-list\">\n                        <ul>\n                                                            <li><i aria-hidden=\"true\" class=\"fas fa-check-circle\"><\/i>+30k Cha\u00eenes live<\/li>\n                                                            <li><i aria-hidden=\"true\" class=\"fas fa-check-circle\"><\/i>+100k Films &amp; S\u00e9ries (Netflix, Disney, HBO)<\/li>\n                                                            <li><i aria-hidden=\"true\" class=\"fas fa-check-circle\"><\/i>Qualit\u00e9 4K\/FHD\/HD\/SD<\/li>\n                                                            <li><i aria-hidden=\"true\" class=\"fas fa-check-circle\"><\/i>Cha\u00eenes adultes\n<\/li>\n                                                            <li><i aria-hidden=\"true\" class=\"fas fa-check-circle\"><\/i>Mises \u00e0 jour quotidiennes<\/li>\n                                                            <li><i aria-hidden=\"true\" class=\"fas fa-check-circle\"><\/i>Anti-freeze<\/li>\n                                                            <li><i aria-hidden=\"true\" class=\"fas fa-headset\"><\/i>Assistance 24h\/24 et 7j\/7<\/li>\n                                                    <\/ul>\n                    <\/div>\n                \n                <h2 class=\"pricing-three-price bdevselement-pricing-table-period\">\n                                        &#128;39                    <span>\/12 mois<\/span>\n                <\/h2>\n                                    <a href=\"https:\/\/premium-tvs.com\/fr\/product\/starter-tvs\/\" class=\"btn s-btn transparent-btn bdevselement-pricing-table-btn\">Commander<\/a>\n                            <\/div>\n\n\n        \n\t\t\t\t<\/div>\n\t\t\t\t<\/div>\n\t\t\t\t\t<\/div>\n\t\t<\/div>\n\t\t\t\t<div class=\"elementor-column elementor-col-25 elementor-top-column elementor-element elementor-element-b34fdf3\" data-id=\"b34fdf3\" data-element_type=\"column\">\n\t\t\t<div class=\"elementor-widget-wrap elementor-element-populated\">\n\t\t\t\t\t\t<div class=\"elementor-element elementor-element-21aec7f elementor-widget elementor-widget-pricing_table bdevs-el pricing_table\" data-id=\"21aec7f\" data-element_type=\"widget\" data-settings=\"{&quot;design_style&quot;:&quot;style_2&quot;}\" data-widget_type=\"pricing_table.default\">\n\t\t\t\t<div class=\"elementor-widget-container\">\n\t\t\t\t\t        \n            <div class=\"pricing-three-item mb-30 \">\n                <div class=\"pricing-three-head\">\n                                            <h4 class=\"title bdevselement-pricing-table-title\">Combo TVS<\/h4>\n                    \n                                            <span class=\"devices-support\">02 \u00e9crans<\/span>\n                    \n\n                    <ul class=\"devices-icon-wrap\">\n                                                    <li><i aria-hidden=\"true\" class=\" flaticon-tv\"><\/i>                            <\/li>\n                                                    <li><i aria-hidden=\"true\" class=\" flaticon-device\"><\/i>                            <\/li>\n                                            <\/ul>\n                <\/div>\n\n                                    <div class=\"pricing-three-list netfix_pricing_before_disable bdevselement-pricing-table-features-list\">\n                        <ul>\n                                                            <li><i aria-hidden=\"true\" class=\"fas fa-check-circle\"><\/i>+30k Cha\u00eenes live<\/li>\n                                                            <li><i aria-hidden=\"true\" class=\"fas fa-check-circle\"><\/i>+100k Films &amp; S\u00e9ries (Netflix, Disney, HBO)<\/li>\n                                                            <li><i aria-hidden=\"true\" class=\"fas fa-check-circle\"><\/i>Qualit\u00e9 4K\/FHD\/HD\/SD<\/li>\n                                                            <li><i aria-hidden=\"true\" class=\"fas fa-check-circle\"><\/i>Cha\u00eenes adultes<\/li>\n                                                            <li><i aria-hidden=\"true\" class=\"fas fa-check-circle\"><\/i>Mises \u00e0 jour quotidiennes<\/li>\n                                                            <li><i aria-hidden=\"true\" class=\"fas fa-check-circle\"><\/i>Anti-freeze<\/li>\n                                                            <li><i aria-hidden=\"true\" class=\"fas fa-headset\"><\/i>Assistance 24h\/24 et 7j\/7<\/li>\n                                                    <\/ul>\n                    <\/div>\n                \n                <h2 class=\"pricing-three-price bdevselement-pricing-table-period\">\n                                        &#128;59                    <span>\/12 MOIS<\/span>\n                <\/h2>\n                                    <a href=\"https:\/\/premium-tvs.com\/fr\/product\/combo-tvs-o2-ecrans\/\" class=\"btn s-btn transparent-btn bdevselement-pricing-table-btn\">Commander<\/a>\n                            <\/div>\n\n\n        \n\t\t\t\t<\/div>\n\t\t\t\t<\/div>\n\t\t\t\t\t<\/div>\n\t\t<\/div>\n\t\t\t\t<div class=\"elementor-column elementor-col-25 elementor-top-column elementor-element elementor-element-2c785b7\" data-id=\"2c785b7\" data-element_type=\"column\">\n\t\t\t<div class=\"elementor-widget-wrap elementor-element-populated\">\n\t\t\t\t\t\t<div class=\"elementor-element elementor-element-35b39a7 elementor-widget elementor-widget-pricing_table bdevs-el pricing_table\" data-id=\"35b39a7\" data-element_type=\"widget\" data-settings=\"{&quot;design_style&quot;:&quot;style_2&quot;}\" data-widget_type=\"pricing_table.default\">\n\t\t\t\t<div class=\"elementor-widget-container\">\n\t\t\t\t\t        \n            <div class=\"pricing-three-item mb-30 \">\n                <div class=\"pricing-three-head\">\n                                            <h4 class=\"title bdevselement-pricing-table-title\">Premium TVS<\/h4>\n                    \n                                            <span class=\"devices-support\">03 \u00e9crans<\/span>\n                    \n\n                    <ul class=\"devices-icon-wrap\">\n                                                    <li><i aria-hidden=\"true\" class=\" flaticon-tv\"><\/i>                            <\/li>\n                                                    <li><i aria-hidden=\"true\" class=\" flaticon-device\"><\/i>                            <\/li>\n                                                    <li><i aria-hidden=\"true\" class=\" flaticon-device-1\"><\/i>                            <\/li>\n                                            <\/ul>\n                <\/div>\n\n                                    <div class=\"pricing-three-list netfix_pricing_before_disable bdevselement-pricing-table-features-list\">\n                        <ul>\n                                                            <li><i aria-hidden=\"true\" class=\"fas fa-check-circle\"><\/i>+30k Cha\u00eenes live<\/li>\n                                                            <li><i aria-hidden=\"true\" class=\"fas fa-check-circle\"><\/i>+100k Films &amp; S\u00e9ries (Netflix, Disney, HBO)<\/li>\n                                                            <li><i aria-hidden=\"true\" class=\"fas fa-check-circle\"><\/i>Qualit\u00e9 4K\/FHD\/HD\/SD<\/li>\n                                                            <li><i aria-hidden=\"true\" class=\"fas fa-check-circle\"><\/i>Cha\u00eenes adultes<\/li>\n                                                            <li><i aria-hidden=\"true\" class=\"fas fa-check-circle\"><\/i>Mises \u00e0 jour quotidiennes<\/li>\n                                                            <li><i aria-hidden=\"true\" class=\"fas fa-check-circle\"><\/i>Anti-freeze<\/li>\n                                                            <li><i aria-hidden=\"true\" class=\"fas fa-headset\"><\/i>Assistance 24h\/24 et 7j\/7<\/li>\n                                                    <\/ul>\n                    <\/div>\n                \n                <h2 class=\"pricing-three-price bdevselement-pricing-table-period\">\n                                        &#128;79                    <span>\/12 MOIS<\/span>\n                <\/h2>\n                                    <a href=\"https:\/\/premium-tvs.com\/fr\/product\/premium-tvs-abonnement-iptv-o3-ecrans\/\" class=\"btn s-btn transparent-btn bdevselement-pricing-table-btn\">COMMANDER<\/a>\n                            <\/div>\n\n\n        \n\t\t\t\t<\/div>\n\t\t\t\t<\/div>\n\t\t\t\t\t<\/div>\n\t\t<\/div>\n\t\t\t\t<div class=\"elementor-column elementor-col-25 elementor-top-column elementor-element elementor-element-8a024d2\" data-id=\"8a024d2\" data-element_type=\"column\">\n\t\t\t<div class=\"elementor-widget-wrap elementor-element-populated\">\n\t\t\t\t\t\t<div class=\"elementor-element elementor-element-f5e26a9 elementor-widget elementor-widget-pricing_table bdevs-el pricing_table\" data-id=\"f5e26a9\" data-element_type=\"widget\" data-settings=\"{&quot;design_style&quot;:&quot;style_2&quot;}\" data-widget_type=\"pricing_table.default\">\n\t\t\t\t<div class=\"elementor-widget-container\">\n\t\t\t\t\t        \n            <div class=\"pricing-three-item mb-30 \">\n                <div class=\"pricing-three-head\">\n                                            <h4 class=\"title bdevselement-pricing-table-title\">Full House Pack<\/h4>\n                    \n                                            <span class=\"devices-support\">05 \u00e9crans<\/span>\n                    \n\n                    <ul class=\"devices-icon-wrap\">\n                                                    <li><i aria-hidden=\"true\" class=\" flaticon-tv\"><\/i>                            <\/li>\n                                                    <li><i aria-hidden=\"true\" class=\" flaticon-smartphone-call\"><\/i>                            <\/li>\n                                                    <li><i aria-hidden=\"true\" class=\" flaticon-laptop\"><\/i>                            <\/li>\n                                                    <li><i aria-hidden=\"true\" class=\" flaticon-device\"><\/i>                            <\/li>\n                                                    <li><i aria-hidden=\"true\" class=\" flaticon-device-1\"><\/i>                            <\/li>\n                                            <\/ul>\n                <\/div>\n\n                                    <div class=\"pricing-three-list netfix_pricing_before_disable bdevselement-pricing-table-features-list\">\n                        <ul>\n                                                            <li><i aria-hidden=\"true\" class=\"fas fa-check-circle\"><\/i>+30k Cha\u00eenes live<\/li>\n                                                            <li><i aria-hidden=\"true\" class=\"fas fa-check-circle\"><\/i>+100k Films &amp; S\u00e9ries (Netflix, Disney, HBO)<\/li>\n                                                            <li><i aria-hidden=\"true\" class=\"fas fa-check-circle\"><\/i>Qualit\u00e9 4K\/FHD\/HD\/SD<\/li>\n                                                            <li><i aria-hidden=\"true\" class=\"fas fa-check-circle\"><\/i>Cha\u00eenes adultes<\/li>\n                                                            <li><i aria-hidden=\"true\" class=\"fas fa-check-circle\"><\/i>Mises \u00e0 jour quotidiennes<\/li>\n                                                            <li><i aria-hidden=\"true\" class=\"fas fa-check-circle\"><\/i>Anti-freeze<\/li>\n                                                            <li><i aria-hidden=\"true\" class=\"fas fa-headset\"><\/i>Assistance 24h\/24 et 7j\/7<\/li>\n                                                    <\/ul>\n                    <\/div>\n                \n                <h2 class=\"pricing-three-price bdevselement-pricing-table-period\">\n                                        &#128;99                    <span>\/12 MOIS<\/span>\n                <\/h2>\n                                    <a href=\"https:\/\/premium-tvs.com\/fr\/product\/full-house-pack-abonnement-iptv-o5-ecrans\/\" class=\"btn s-btn transparent-btn bdevselement-pricing-table-btn\">cOMMANDER<\/a>\n                            <\/div>\n\n\n        \n\t\t\t\t<\/div>\n\t\t\t\t<\/div>\n\t\t\t\t\t<\/div>\n\t\t<\/div>\n\t\t\t\t\t<\/div>\n\t\t<\/section>\n\t\t\t\t<section class=\"elementor-section elementor-top-section elementor-element elementor-element-b3dcf45 elementor-section-full_width elementor-section-stretched elementor-section-height-default elementor-section-height-default\" data-id=\"b3dcf45\" data-element_type=\"section\" data-settings=\"{&quot;background_background&quot;:&quot;classic&quot;,&quot;stretch_section&quot;:&quot;section-stretched&quot;}\">\n\t\t\t\t\t\t\t<div class=\"elementor-background-overlay\"><\/div>\n\t\t\t\t\t\t\t<div class=\"elementor-container elementor-column-gap-default\">\n\t\t\t\t\t<div class=\"elementor-column elementor-col-100 elementor-top-column elementor-element elementor-element-bec3429\" data-id=\"bec3429\" data-element_type=\"column\">\n\t\t\t<div class=\"elementor-widget-wrap elementor-element-populated\">\n\t\t\t\t\t\t<div class=\"elementor-element elementor-element-d6f53bb elementor-widget elementor-widget-cta bdevs-el cta\" data-id=\"d6f53bb\" data-element_type=\"widget\" data-settings=\"{&quot;design_style&quot;:&quot;style_1&quot;}\" data-widget_type=\"cta.default\">\n\t\t\t\t<div class=\"elementor-widget-container\">\n\t\t\t\t\t\n        \n\n            <section class=\"cta-area cta-bgg jarallax\">\n                <div class=\"container\">\n                    <div class=\"row justify-content-center\">\n                        <div class=\"col-xl-9 col-lg-10\">\n                            <div class=\"cta-content text-center\">\n                                <div class=\"section-title white-title mb-35\">\n                                    <h2 class=\"title bdevs-el-title\">Vous recherchez le meilleur fournisseur IPTV en France <span>.<\/span><\/h2>                                <\/div>\n                                <div class=\"cta-btn-wrap\">\n\n                                                                            <a class=\"btn s-btn  bdevs-el-btn\" href=\"https:\/\/premium-tvs.com\/fr\/forfaits_abonnement_iptv\/\">Voir nos offres<\/a>\n                                    \n                                                                            <span class=\"or bdevs-el-or-text\">\n                                            ou                                        <\/span>\n                                    \n                                                                            <a class=\"btn transparent-btn s-btn bdevs-el-btn-sec\" href=\"tel:+1%20870%20920%20987\">appelez-nous <\/a>                                    \n                                <\/div>\n                            <\/div>\n                        <\/div>\n                    <\/div>\n                <\/div>\n            <\/section>\n\n        \n\t\t\t\t<\/div>\n\t\t\t\t<\/div>\n\t\t\t\t\t<\/div>\n\t\t<\/div>\n\t\t\t\t\t<\/div>\n\t\t<\/section>\n\t\t\t\t<\/div>\n\t\t","protected":false},"excerpt":{"rendered":"<p>Plans Tarifaires Des Abonnements PREMIUM TVS Starter TVS 01 \u00e9cran +30k Cha\u00eenes live +100k Films &amp; S\u00e9ries (Netflix, Disney, HBO) Qualit\u00e9 4K\/FHD\/HD\/SD Cha\u00eenes adultes Mises \u00e0 jour quotidiennes Anti-freeze Assistance 24h\/24 et 7j\/7 &#8364;39 \/12 mois Commander Combo TVS 02 \u00e9crans +30k Cha\u00eenes live +100k Films &amp; S\u00e9ries (Netflix, Disney, HBO) Qualit\u00e9 4K\/FHD\/HD\/SD Cha\u00eenes adultes [&hellip;]<\/p>\n","protected":false},"author":1,"featured_media":0,"parent":0,"menu_order":0,"comment_status":"closed","ping_status":"closed","template":"","meta":{"_acf_changed":false,"footnotes":""},"class_list":["post-10","page","type-page","status-publish","hentry"],"acf":[],"_links":{"self":[{"href":"https:\/\/premium-tvs.com\/fr\/wp-json\/wp\/v2\/pages\/10","targetHints":{"allow":["GET"]}}],"collection":[{"href":"https:\/\/premium-tvs.com\/fr\/wp-json\/wp\/v2\/pages"}],"about":[{"href":"https:\/\/premium-tvs.com\/fr\/wp-json\/wp\/v2\/types\/page"}],"author":[{"embeddable":true,"href":"https:\/\/premium-tvs.com\/fr\/wp-json\/wp\/v2\/users\/1"}],"replies":[{"embeddable":true,"href":"https:\/\/premium-tvs.com\/fr\/wp-json\/wp\/v2\/comments?post=10"}],"version-history":[{"count":14,"href":"https:\/\/premium-tvs.com\/fr\/wp-json\/wp\/v2\/pages\/10\/revisions"}],"predecessor-version":[{"id":2524,"href":"https:\/\/premium-tvs.com\/fr\/wp-json\/wp\/v2\/pages\/10\/revisions\/2524"}],"wp:attachment":[{"href":"https:\/\/premium-tvs.com\/fr\/wp-json\/wp\/v2\/media?parent=10"}],"curies":[{"name":"wp","href":"https:\/\/api.w.org\/{rel}","templated":true}]}}