{"id":13,"date":"2024-09-08T14:31:50","date_gmt":"2024-09-08T14:31:50","guid":{"rendered":"https:\/\/premium-tvs.com\/fr\/index.php\/my-account\/"},"modified":"2025-02-11T15:11:37","modified_gmt":"2025-02-11T15:11:37","slug":"meilleurs-offres-iptv-espace-clients","status":"publish","type":"page","link":"https:\/\/premium-tvs.com\/fr\/meilleurs-offres-iptv-espace-clients\/","title":{"rendered":"Meilleurs offres IPTV &#8211; Espace Clients"},"content":{"rendered":"\t\t<div data-elementor-type=\"wp-page\" data-elementor-id=\"13\" class=\"elementor elementor-13\">\n\t\t\t\t<section class=\"elementor-section elementor-top-section elementor-element elementor-element-1373305 elementor-section-boxed elementor-section-height-default elementor-section-height-default\" data-id=\"1373305\" data-element_type=\"section\">\n\t\t\t\t\t\t<div class=\"elementor-container elementor-column-gap-extended\">\n\t\t\t\t\t<div class=\"elementor-column elementor-col-33 elementor-top-column elementor-element elementor-element-cf3c179\" data-id=\"cf3c179\" data-element_type=\"column\">\n\t\t\t<div class=\"elementor-widget-wrap elementor-element-populated\">\n\t\t\t\t\t\t<div class=\"elementor-element elementor-element-be84c2c elementor-widget elementor-widget-pricing_table bdevs-el pricing_table\" data-id=\"be84c2c\" data-element_type=\"widget\" data-settings=\"{&quot;design_style&quot;:&quot;style_3&quot;}\" data-widget_type=\"pricing_table.default\">\n\t\t\t\t<div class=\"elementor-widget-container\">\n\t\t\t\t\t        \n\n            <div class=\"pricing-two-item\">\n                <div class=\"pricing-two-content\">\n\n                                            <h3 class=\"title bdevselement-pricing-table-title\">G\u00e9rez<\/h3>\n                                                                <p>G\u00e9rez vos abonnements facilement, acc\u00e9dez aux meilleurs offres IPTV exclusives et profitez d'un service client r\u00e9actif. Commandez votre IPTV en quelques clics !<\/p>\n                    \n                    <h3 class=\"price bdevselement-pricing-table-period\">\n                        <sup>&#128;<\/sup>\n                        39                        <span>\u00e0 partir de <br> \/ans<\/span>\n                    <\/h3>\n                                            <div class=\"pricing-btn\">\n                            <a href=\"https:\/\/premium-tvs.com\/fr\/pricing\/\" class=\"btn s-btn btn-link bdevselement-pricing-table-btn\">Voir nos offres<\/a>\n                        <\/div>\n                                    <\/div>\n            <\/div>\n\n        \n\t\t\t\t<\/div>\n\t\t\t\t<\/div>\n\t\t\t\t\t<\/div>\n\t\t<\/div>\n\t\t\t\t<div class=\"elementor-column elementor-col-33 elementor-top-column elementor-element elementor-element-72001a0\" data-id=\"72001a0\" data-element_type=\"column\">\n\t\t\t<div class=\"elementor-widget-wrap elementor-element-populated\">\n\t\t\t\t\t\t<div class=\"elementor-element elementor-element-fc8fe66 pricing-item-2nd elementor-widget elementor-widget-pricing_table bdevs-el pricing_table\" data-id=\"fc8fe66\" data-element_type=\"widget\" data-settings=\"{&quot;design_style&quot;:&quot;style_3&quot;}\" data-widget_type=\"pricing_table.default\">\n\t\t\t\t<div class=\"elementor-widget-container\">\n\t\t\t\t\t        \n\n            <div class=\"pricing-two-item\">\n                <div class=\"pricing-two-content\">\n\n                                            <h3 class=\"title bdevselement-pricing-table-title\">Profitez<\/h3>\n                                                                <p>Acc\u00e9dez facilement \u00e0 vos abonnements, explorez nos meilleurs offres IPTV sur-mesure et profitez d\u2019un support client rapide et efficace.<\/p>\n                    \n                    <h3 class=\"price bdevselement-pricing-table-period\">\n                        <sup><\/sup>\n                        24\/7                        <span>services clients <br> <\/span>\n                    <\/h3>\n                                            <div class=\"pricing-btn\">\n                            <a href=\"https:\/\/premium-tvs.com\/fr\/pricing\/\" class=\"btn s-btn btn-link bdevselement-pricing-table-btn\">Voir nos offres<\/a>\n                        <\/div>\n                                    <\/div>\n            <\/div>\n\n        \n\t\t\t\t<\/div>\n\t\t\t\t<\/div>\n\t\t\t\t\t<\/div>\n\t\t<\/div>\n\t\t\t\t<div class=\"elementor-column elementor-col-33 elementor-top-column elementor-element elementor-element-3bb9af6\" data-id=\"3bb9af6\" data-element_type=\"column\">\n\t\t\t<div class=\"elementor-widget-wrap elementor-element-populated\">\n\t\t\t\t\t\t<div class=\"elementor-element elementor-element-ca8ab41 pricing-item-3rd elementor-widget elementor-widget-pricing_table bdevs-el pricing_table\" data-id=\"ca8ab41\" data-element_type=\"widget\" data-settings=\"{&quot;design_style&quot;:&quot;style_3&quot;}\" data-widget_type=\"pricing_table.default\">\n\t\t\t\t<div class=\"elementor-widget-container\">\n\t\t\t\t\t        \n\n            <div class=\"pricing-two-item\">\n                <div class=\"pricing-two-content\">\n\n                                            <h3 class=\"title bdevselement-pricing-table-title\">Amusez-vous !<\/h3>\n                                                                <p>Commencez \u00e0 naviguer sur plus de 30 000 cha\u00eenes et \u00e0 utiliser la VOD instantan\u00e9ment, sans aucune limite !<\/p>\n                    \n                    <h3 class=\"price bdevselement-pricing-table-period\">\n                        <sup><\/sup>\n                        +30k                        <span>cHAINES <br> dISPONIBLE<\/span>\n                    <\/h3>\n                                            <div class=\"pricing-btn\">\n                            <a href=\"https:\/\/premium-tvs.com\/fr\/pricing\/\" class=\"btn s-btn btn-link bdevselement-pricing-table-btn\">voir nos offres<\/a>\n                        <\/div>\n                                    <\/div>\n            <\/div>\n\n        \n\t\t\t\t<\/div>\n\t\t\t\t<\/div>\n\t\t\t\t\t<\/div>\n\t\t<\/div>\n\t\t\t\t\t<\/div>\n\t\t<\/section>\n\t\t<div class=\"elementor-element elementor-element-6600233d e-flex e-con-boxed e-con e-parent\" data-id=\"6600233d\" data-element_type=\"container\">\n\t\t\t\t\t<div class=\"e-con-inner\">\n\t\t\t\t<div class=\"elementor-element elementor-element-30581377 elementor-widget elementor-widget-text-editor\" data-id=\"30581377\" data-element_type=\"widget\" data-widget_type=\"text-editor.default\">\n\t\t\t\t<div class=\"elementor-widget-container\"><p><div class=\"woocommerce\"><\/div><\/p><\/div>\n\t\t\t\t<\/div>\n\t\t\t\t\t<\/div>\n\t\t\t\t<\/div>\n\t\t<div class=\"elementor-element elementor-element-5856f13 e-flex e-con-boxed e-con e-parent\" data-id=\"5856f13\" data-element_type=\"container\">\n\t\t\t\t\t<div class=\"e-con-inner\">\n\t\t\t\t<div class=\"elementor-element elementor-element-475d6b7 elementor-widget elementor-widget-about bdevs-el about\" data-id=\"475d6b7\" data-element_type=\"widget\" data-settings=\"{&quot;design_style&quot;:&quot;style_3&quot;}\" data-widget_type=\"about.default\">\n\t\t\t\t<div class=\"elementor-widget-container\">\n\t\t\t\t\t        \n            <section class=\"subscribe-area subscribe-bg\">\n                <div class=\"container\">\n                    <div class=\"row\">\n                        <div class=\"col-xl-7 col-lg-6\">\n                                                            <div class=\"subscribe-img wow fadeInLeft\" data-wow-delay=\".2s\">\n                                    <img decoding=\"async\" src=\"https:\/\/premium-tvs.com\/fr\/wp-content\/uploads\/2024\/12\/Meilleurs-offres-IPTV-768x576.png\" alt=\"img\">\n                                <\/div>\n                                                    <\/div>\n                        <div class=\"col-xl-5 col-lg-6\">\n                            <div class=\"section-title mb-30\">\n                                <h2 class=\"title bdevs-el-title\" data-wow-delay=\".4s\">Un support client d\u00e9di\u00e9<\/h2>                            <\/div>\n                            <div class=\"subscribe-content bdevs-el-content\">\n                                                                    <p>Bienvenue dans votre espace client \u00e9labor\u00e9 pour simplifier la gestion de vos services IPTV. Ici, vous pouvez acc\u00e9der \u00e0 toutes les fonctionnalit\u00e9s n\u00e9cessaires pour profiter pleinement de votre exp\u00e9rience IPTV.<br>Profitez d'offres exclusives r\u00e9serv\u00e9es \u00e0 nos clients fid\u00e8les. Consultez r\u00e9guli\u00e8rement cette section pour ne manquer aucune promotion.\n<br>Besoin d\u2019aide ? Notre \u00e9quipe est disponible pour r\u00e9pondre \u00e0 vos questions et vous accompagner dans l\u2019utilisation de vos services IPTV. Contactez-nous directement depuis votre espace client, ou sur notre page <a href=\"https:\/\/www.facebook.com\/\"> Facebook  <\/a><\/p>\n                                \n                                <h4 class=\"title bdevs-el-subtitle\"><\/h4>\n                                <div class=\"subscribe-plan\">\n                                    <h2 class=\"price\"><span>\u00e0 partir de<\/span> 39\u20ac<sub>\/An<\/sub><\/h2>\n\n                                    <a class=\"btn s-btn btn-link bdevs-el-btn\" data-wow-delay=\"1.2s\" href=\"https:\/\/premium-tvs.com\/fr\/pricing\/\" href=\"https:\/\/premium-tvs.com\/fr\/pricing\/\">Profitez de nos Meilleurs Offres IPTV<\/a>                                <\/div>\n                            <\/div>\n                        <\/div>\n                    <\/div>\n                <\/div>\n            <\/section>\n\n        \t\t\t\t<\/div>\n\t\t\t\t<\/div>\n\t\t\t\t\t<\/div>\n\t\t\t\t<\/div>\n\t\t<div class=\"elementor-element elementor-element-1631aa1 e-flex e-con-boxed e-con e-parent\" data-id=\"1631aa1\" data-element_type=\"container\">\n\t\t\t\t\t<div class=\"e-con-inner\">\n\t\t\t\t<div class=\"elementor-element elementor-element-d32a256 elementor-widget elementor-widget-heading bdevs-el heading\" data-id=\"d32a256\" data-element_type=\"widget\" data-settings=\"{&quot;design_style&quot;:&quot;style_1&quot;}\" data-widget_type=\"heading.default\">\n\t\t\t\t<div class=\"elementor-widget-container\">\n\t\t\t\t\t        \n                            <div class=\"section-title\">\n                    <h2 class=\"title bdevs-el-title\">Explorez les sommets de l'excellence sportive avec les meilleurs championnats du monde !<\/h2>                <\/div>\n                                    <p ><br>Explorez les sommets de l'excellence sportive avec <a href=\"https:\/\/www.dazn.com\/\"> les meilleurs championnats du monde ! <\/a>Que ce soit le foot, le basket, la NFL, le handball, les MMA, l'UFC, la boxe, et bien plus encore, vivez l'intensit\u00e9 du sport \u00e0 son apog\u00e9e.<\/p>\n                            \n\n        \n\t\t\t\t<\/div>\n\t\t\t\t<\/div>\n\t\t\t\t\t<\/div>\n\t\t\t\t<\/div>\t\t<\/div>\n\t\t","protected":false},"excerpt":{"rendered":"<p>G\u00e9rez G\u00e9rez vos abonnements facilement, acc\u00e9dez aux meilleurs offres IPTV exclusives et profitez d&rsquo;un service client r\u00e9actif. Commandez votre IPTV en quelques clics ! \u20ac 39 \u00e0 partir de \/ans Voir nos offres Profitez Acc\u00e9dez facilement \u00e0 vos abonnements, explorez nos meilleurs offres IPTV sur-mesure et profitez d\u2019un support client rapide et efficace. 24\/7 services [&hellip;]<\/p>\n","protected":false},"author":1,"featured_media":0,"parent":0,"menu_order":0,"comment_status":"closed","ping_status":"closed","template":"","meta":{"_acf_changed":false,"footnotes":""},"class_list":["post-13","page","type-page","status-publish","hentry"],"acf":[],"_links":{"self":[{"href":"https:\/\/premium-tvs.com\/fr\/wp-json\/wp\/v2\/pages\/13","targetHints":{"allow":["GET"]}}],"collection":[{"href":"https:\/\/premium-tvs.com\/fr\/wp-json\/wp\/v2\/pages"}],"about":[{"href":"https:\/\/premium-tvs.com\/fr\/wp-json\/wp\/v2\/types\/page"}],"author":[{"embeddable":true,"href":"https:\/\/premium-tvs.com\/fr\/wp-json\/wp\/v2\/users\/1"}],"replies":[{"embeddable":true,"href":"https:\/\/premium-tvs.com\/fr\/wp-json\/wp\/v2\/comments?post=13"}],"version-history":[{"count":64,"href":"https:\/\/premium-tvs.com\/fr\/wp-json\/wp\/v2\/pages\/13\/revisions"}],"predecessor-version":[{"id":2471,"href":"https:\/\/premium-tvs.com\/fr\/wp-json\/wp\/v2\/pages\/13\/revisions\/2471"}],"wp:attachment":[{"href":"https:\/\/premium-tvs.com\/fr\/wp-json\/wp\/v2\/media?parent=13"}],"curies":[{"name":"wp","href":"https:\/\/api.w.org\/{rel}","templated":true}]}}