{"id":545,"date":"2022-01-06T11:56:09","date_gmt":"2022-01-06T11:56:09","guid":{"rendered":"https:\/\/www.devsnews.com\/wp\/netfix\/?page_id=545"},"modified":"2024-12-29T10:56:30","modified_gmt":"2024-12-29T10:56:30","slug":"abonnements-iptv-en-france","status":"publish","type":"page","link":"https:\/\/premium-tvs.com\/fr\/abonnements-iptv-en-france\/","title":{"rendered":"Abonnements IPTV en France"},"content":{"rendered":"\t\t<div data-elementor-type=\"wp-page\" data-elementor-id=\"545\" class=\"elementor elementor-545\">\n\t\t\t\t\t\t<section class=\"elementor-section elementor-top-section elementor-element elementor-element-9988db4 elementor-section-boxed elementor-section-height-default elementor-section-height-default\" data-id=\"9988db4\" data-element_type=\"section\">\n\t\t\t\t\t\t<div class=\"elementor-container elementor-column-gap-default\">\n\t\t\t\t\t<div class=\"elementor-column elementor-col-100 elementor-top-column elementor-element elementor-element-a6dce91\" data-id=\"a6dce91\" data-element_type=\"column\">\n\t\t\t<div class=\"elementor-widget-wrap elementor-element-populated\">\n\t\t\t\t\t\t<div class=\"elementor-element elementor-element-370486e elementor-widget elementor-widget-heading bdevs-el heading\" data-id=\"370486e\" data-element_type=\"widget\" data-settings=\"{&quot;design_style&quot;:&quot;style_1&quot;}\" data-widget_type=\"heading.default\">\n\t\t\t\t<div class=\"elementor-widget-container\">\n\t\t\t\t\t        \n                            <div class=\"section-title\">\n                    <h2 class=\"title bdevs-el-title\">Regardez plus Payez moins avec nos abonnements IPTV en France.<\/h2>                <\/div>\n                                    <p >Nous proposons des abonnements IPTV en France permettant aux utilisateurs de regarder des \u00e9missions de t\u00e9l\u00e9vision fran\u00e7aises et d\u2019acc\u00e9der \u00e0 des contenus vid\u00e9o  <a href=\"https:\/\/netflix.com\">  (Films et S\u00e9ries)<\/a>  via Internet.\n<\/p>\n                            \n\n        \n\t\t\t\t<\/div>\n\t\t\t\t<\/div>\n\t\t\t\t\t<\/div>\n\t\t<\/div>\n\t\t\t\t\t<\/div>\n\t\t<\/section>\n\t\t\t\t<section class=\"elementor-section elementor-top-section elementor-element elementor-element-b1174ca elementor-section-boxed elementor-section-height-default elementor-section-height-default\" data-id=\"b1174ca\" data-element_type=\"section\">\n\t\t\t\t\t\t<div class=\"elementor-container elementor-column-gap-extended\">\n\t\t\t\t\t<div class=\"elementor-column elementor-col-25 elementor-top-column elementor-element elementor-element-0bc311d\" data-id=\"0bc311d\" data-element_type=\"column\">\n\t\t\t<div class=\"elementor-widget-wrap elementor-element-populated\">\n\t\t\t\t\t\t<div class=\"elementor-element elementor-element-8c96ba6 elementor-widget elementor-widget-pricing_table bdevs-el pricing_table\" data-id=\"8c96ba6\" data-element_type=\"widget\" data-settings=\"{&quot;design_style&quot;:&quot;style_2&quot;}\" data-widget_type=\"pricing_table.default\">\n\t\t\t\t<div class=\"elementor-widget-container\">\n\t\t\t\t\t        \n            <div class=\"pricing-three-item mb-30 \">\n                <div class=\"pricing-three-head\">\n                                            <h4 class=\"title bdevselement-pricing-table-title\">Starter TVS<\/h4>\n                    \n                                            <span class=\"devices-support\">01 \u00e9cran<\/span>\n                    \n\n                    <ul class=\"devices-icon-wrap\">\n                                                    <li><i aria-hidden=\"true\" class=\" flaticon-tv\"><\/i>                            <\/li>\n                                            <\/ul>\n                <\/div>\n\n                                    <div class=\"pricing-three-list netfix_pricing_before_disable bdevselement-pricing-table-features-list\">\n                        <ul>\n                                                            <li><i aria-hidden=\"true\" class=\"fas fa-check-circle\"><\/i>+30k Cha\u00eenes live<\/li>\n                                                            <li><i aria-hidden=\"true\" class=\"fas fa-check-circle\"><\/i>+100k Films &amp; S\u00e9ries (Netflix, Disney, HBO)<\/li>\n                                                            <li><i aria-hidden=\"true\" class=\"fas fa-check-circle\"><\/i>Qualit\u00e9 4K\/FHD\/HD\/SD<\/li>\n                                                            <li><i aria-hidden=\"true\" class=\"fas fa-check-circle\"><\/i>Cha\u00eenes adultes\n<\/li>\n                                                            <li><i aria-hidden=\"true\" class=\"fas fa-check-circle\"><\/i>Mises \u00e0 jour quotidiennes<\/li>\n                                                            <li><i aria-hidden=\"true\" class=\"fas fa-check-circle\"><\/i>Anti-freeze<\/li>\n                                                            <li><i aria-hidden=\"true\" class=\"fas fa-headset\"><\/i>Assistance 24h\/24 et 7j\/7<\/li>\n                                                    <\/ul>\n                    <\/div>\n                \n                <h2 class=\"pricing-three-price bdevselement-pricing-table-period\">\n                                        &#128;39                    <span>\/12 mois<\/span>\n                <\/h2>\n                                    <a href=\"https:\/\/premium-tvs.com\/fr\/product\/starter-tvs\/\" class=\"btn s-btn transparent-btn bdevselement-pricing-table-btn\">Commander<\/a>\n                            <\/div>\n\n\n        \n\t\t\t\t<\/div>\n\t\t\t\t<\/div>\n\t\t\t\t\t<\/div>\n\t\t<\/div>\n\t\t\t\t<div class=\"elementor-column elementor-col-25 elementor-top-column elementor-element elementor-element-b8d1f27\" data-id=\"b8d1f27\" data-element_type=\"column\">\n\t\t\t<div class=\"elementor-widget-wrap elementor-element-populated\">\n\t\t\t\t\t\t<div class=\"elementor-element elementor-element-c18a8be elementor-widget elementor-widget-pricing_table bdevs-el pricing_table\" data-id=\"c18a8be\" data-element_type=\"widget\" data-settings=\"{&quot;design_style&quot;:&quot;style_2&quot;}\" data-widget_type=\"pricing_table.default\">\n\t\t\t\t<div class=\"elementor-widget-container\">\n\t\t\t\t\t        \n            <div class=\"pricing-three-item mb-30 \">\n                <div class=\"pricing-three-head\">\n                                            <h4 class=\"title bdevselement-pricing-table-title\">Combo TVS<\/h4>\n                    \n                                            <span class=\"devices-support\">02 \u00e9crans<\/span>\n                    \n\n                    <ul class=\"devices-icon-wrap\">\n                                                    <li><i aria-hidden=\"true\" class=\" flaticon-tv\"><\/i>                            <\/li>\n                                                    <li><i aria-hidden=\"true\" class=\" flaticon-device\"><\/i>                            <\/li>\n                                            <\/ul>\n                <\/div>\n\n                                    <div class=\"pricing-three-list netfix_pricing_before_disable bdevselement-pricing-table-features-list\">\n                        <ul>\n                                                            <li><i aria-hidden=\"true\" class=\"fas fa-check-circle\"><\/i>+30k Cha\u00eenes live<\/li>\n                                                            <li><i aria-hidden=\"true\" class=\"fas fa-check-circle\"><\/i>+100k Films &amp; S\u00e9ries (Netflix, Disney, HBO)<\/li>\n                                                            <li><i aria-hidden=\"true\" class=\"fas fa-check-circle\"><\/i>Qualit\u00e9 4K\/FHD\/HD\/SD<\/li>\n                                                            <li><i aria-hidden=\"true\" class=\"fas fa-check-circle\"><\/i>Cha\u00eenes adultes<\/li>\n                                                            <li><i aria-hidden=\"true\" class=\"fas fa-check-circle\"><\/i>Mises \u00e0 jour quotidiennes<\/li>\n                                                            <li><i aria-hidden=\"true\" class=\"fas fa-check-circle\"><\/i>Anti-freeze<\/li>\n                                                            <li><i aria-hidden=\"true\" class=\"fas fa-headset\"><\/i>Assistance 24h\/24 et 7j\/7<\/li>\n                                                    <\/ul>\n                    <\/div>\n                \n                <h2 class=\"pricing-three-price bdevselement-pricing-table-period\">\n                                        &#128;59                    <span>\/12 MOIS<\/span>\n                <\/h2>\n                                    <a href=\"https:\/\/premium-tvs.com\/fr\/product\/combo-tvs-o2-ecrans\/\" class=\"btn s-btn transparent-btn bdevselement-pricing-table-btn\">Commander<\/a>\n                            <\/div>\n\n\n        \n\t\t\t\t<\/div>\n\t\t\t\t<\/div>\n\t\t\t\t\t<\/div>\n\t\t<\/div>\n\t\t\t\t<div class=\"elementor-column elementor-col-25 elementor-top-column elementor-element elementor-element-b216159\" data-id=\"b216159\" data-element_type=\"column\">\n\t\t\t<div class=\"elementor-widget-wrap elementor-element-populated\">\n\t\t\t\t\t\t<div class=\"elementor-element elementor-element-aad4cbb elementor-widget elementor-widget-pricing_table bdevs-el pricing_table\" data-id=\"aad4cbb\" data-element_type=\"widget\" data-settings=\"{&quot;design_style&quot;:&quot;style_2&quot;}\" data-widget_type=\"pricing_table.default\">\n\t\t\t\t<div class=\"elementor-widget-container\">\n\t\t\t\t\t        \n            <div class=\"pricing-three-item mb-30 \">\n                <div class=\"pricing-three-head\">\n                                            <h4 class=\"title bdevselement-pricing-table-title\">Premium TVS<\/h4>\n                    \n                                            <span class=\"devices-support\">03 \u00e9crans<\/span>\n                    \n\n                    <ul class=\"devices-icon-wrap\">\n                                                    <li><i aria-hidden=\"true\" class=\" flaticon-tv\"><\/i>                            <\/li>\n                                                    <li><i aria-hidden=\"true\" class=\" flaticon-laptop\"><\/i>                            <\/li>\n                                                    <li><i aria-hidden=\"true\" class=\" flaticon-device-1\"><\/i>                            <\/li>\n                                            <\/ul>\n                <\/div>\n\n                                    <div class=\"pricing-three-list netfix_pricing_before_disable bdevselement-pricing-table-features-list\">\n                        <ul>\n                                                            <li><i aria-hidden=\"true\" class=\"fas fa-check-circle\"><\/i>+30k Cha\u00eenes live<\/li>\n                                                            <li><i aria-hidden=\"true\" class=\"fas fa-check-circle\"><\/i>+100k Films &amp; S\u00e9ries (Netflix, Disney, HBO)<\/li>\n                                                            <li><i aria-hidden=\"true\" class=\"fas fa-check-circle\"><\/i>Qualit\u00e9 4K\/FHD\/HD\/SD<\/li>\n                                                            <li><i aria-hidden=\"true\" class=\"fas fa-check-circle\"><\/i>Cha\u00eenes adultes<\/li>\n                                                            <li><i aria-hidden=\"true\" class=\"fas fa-check-circle\"><\/i>Mises \u00e0 jour quotidiennes<\/li>\n                                                            <li><i aria-hidden=\"true\" class=\"fas fa-check-circle\"><\/i>Anti-freeze<\/li>\n                                                            <li><i aria-hidden=\"true\" class=\"fas fa-headset\"><\/i>Assistance 24h\/24 et 7j\/7<\/li>\n                                                    <\/ul>\n                    <\/div>\n                \n                <h2 class=\"pricing-three-price bdevselement-pricing-table-period\">\n                                        &#128;79                    <span>\/12 MOIS<\/span>\n                <\/h2>\n                                    <a href=\"https:\/\/premium-tvs.com\/fr\/product\/premium-tvs-abonnement-iptv-o3-ecrans\/\" class=\"btn s-btn transparent-btn bdevselement-pricing-table-btn\">COMMANDER<\/a>\n                            <\/div>\n\n\n        \n\t\t\t\t<\/div>\n\t\t\t\t<\/div>\n\t\t\t\t\t<\/div>\n\t\t<\/div>\n\t\t\t\t<div class=\"elementor-column elementor-col-25 elementor-top-column elementor-element elementor-element-37882c5\" data-id=\"37882c5\" data-element_type=\"column\">\n\t\t\t<div class=\"elementor-widget-wrap elementor-element-populated\">\n\t\t\t\t\t\t<div class=\"elementor-element elementor-element-071f2d3 elementor-widget elementor-widget-pricing_table bdevs-el pricing_table\" data-id=\"071f2d3\" data-element_type=\"widget\" data-settings=\"{&quot;design_style&quot;:&quot;style_2&quot;}\" data-widget_type=\"pricing_table.default\">\n\t\t\t\t<div class=\"elementor-widget-container\">\n\t\t\t\t\t        \n            <div class=\"pricing-three-item mb-30 \">\n                <div class=\"pricing-three-head\">\n                                            <h4 class=\"title bdevselement-pricing-table-title\">Full House Pack<\/h4>\n                    \n                                            <span class=\"devices-support\">05 \u00e9crans<\/span>\n                    \n\n                    <ul class=\"devices-icon-wrap\">\n                                                    <li><i aria-hidden=\"true\" class=\" flaticon-tv\"><\/i>                            <\/li>\n                                                    <li><i aria-hidden=\"true\" class=\" flaticon-smartphone-call\"><\/i>                            <\/li>\n                                                    <li><i aria-hidden=\"true\" class=\" flaticon-laptop\"><\/i>                            <\/li>\n                                                    <li><i aria-hidden=\"true\" class=\" flaticon-device\"><\/i>                            <\/li>\n                                                    <li><i aria-hidden=\"true\" class=\" flaticon-device-1\"><\/i>                            <\/li>\n                                            <\/ul>\n                <\/div>\n\n                                    <div class=\"pricing-three-list netfix_pricing_before_disable bdevselement-pricing-table-features-list\">\n                        <ul>\n                                                            <li><i aria-hidden=\"true\" class=\"fas fa-check-circle\"><\/i>+30k Cha\u00eenes live<\/li>\n                                                            <li><i aria-hidden=\"true\" class=\"fas fa-check-circle\"><\/i>+100k Films &amp; S\u00e9ries (Netflix, Disney, HBO)<\/li>\n                                                            <li><i aria-hidden=\"true\" class=\"fas fa-check-circle\"><\/i>Qualit\u00e9 4K\/FHD\/HD\/SD<\/li>\n                                                            <li><i aria-hidden=\"true\" class=\"fas fa-check-circle\"><\/i>Cha\u00eenes adultes<\/li>\n                                                            <li><i aria-hidden=\"true\" class=\"fas fa-check-circle\"><\/i>Mises \u00e0 jour quotidiennes<\/li>\n                                                            <li><i aria-hidden=\"true\" class=\"fas fa-check-circle\"><\/i>Anti-freeze<\/li>\n                                                            <li><i aria-hidden=\"true\" class=\"fas fa-headset\"><\/i>Assistance 24h\/24 et 7j\/7<\/li>\n                                                    <\/ul>\n                    <\/div>\n                \n                <h2 class=\"pricing-three-price bdevselement-pricing-table-period\">\n                                        &#128;99                    <span>\/12 MOIS<\/span>\n                <\/h2>\n                                    <a href=\"https:\/\/premium-tvs.com\/fr\/product\/full-house-pack-abonnement-iptv-o5-ecrans\/\" class=\"btn s-btn transparent-btn bdevselement-pricing-table-btn\">cOMMANDER<\/a>\n                            <\/div>\n\n\n        \n\t\t\t\t<\/div>\n\t\t\t\t<\/div>\n\t\t\t\t\t<\/div>\n\t\t<\/div>\n\t\t\t\t\t<\/div>\n\t\t<\/section>\n\t\t\t\t<section class=\"elementor-section elementor-top-section elementor-element elementor-element-b4247f9 elementor-section-full_width elementor-section-stretched elementor-section-height-default elementor-section-height-default\" data-id=\"b4247f9\" data-element_type=\"section\" data-settings=\"{&quot;background_background&quot;:&quot;classic&quot;,&quot;stretch_section&quot;:&quot;section-stretched&quot;}\">\n\t\t\t\t\t\t<div class=\"elementor-container elementor-column-gap-default\">\n\t\t\t\t\t<div class=\"elementor-column elementor-col-100 elementor-top-column elementor-element elementor-element-5b1b98e\" data-id=\"5b1b98e\" data-element_type=\"column\">\n\t\t\t<div class=\"elementor-widget-wrap elementor-element-populated\">\n\t\t\t\t\t\t<div class=\"elementor-element elementor-element-521f031 elementor-widget elementor-widget-about bdevs-el about\" data-id=\"521f031\" data-element_type=\"widget\" data-settings=\"{&quot;design_style&quot;:&quot;style_6&quot;}\" data-widget_type=\"about.default\">\n\t\t\t\t<div class=\"elementor-widget-container\">\n\t\t\t\t\t        \n            <section class=\"subscribe-two-area subscribe-two-bg\">\n                <div class=\"container\">\n                    <div class=\"row align-items-center\">\n                        <div class=\"col-xl-7 col-lg-6 order-0 order-lg-2\">\n                                                            <div class=\"subscribe-img wow fadeInRight\" data-wow-delay=\".2s\">\n                                    <img decoding=\"async\" src=\"https:\/\/premium-tvs.com\/fr\/wp-content\/uploads\/2024\/12\/abonnementiptvenfrance.png\" alt=\"img\">\n\n                                    <h2 class=\"overlay-price bdevs-el-mb  bdevs-el-special-mb-content\">\n                                        <span class=\"bdevs-el-mb-title\">\n                                            aBBONEZ-VOUS <br> \u00e0 PARTIR de                                        <\/span>\n                                        39\u20ac                                        <span class=\"bdevs-el-mb-bottom-title\">\n                                            Seulement                                        <\/span>\n                                    <\/h2>\n                                <\/div>\n                                                    <\/div>\n                        <div class=\"col-xl-5 col-lg-6\">\n                            <div class=\"section-title white-title mb-30\">\n                                <h2 class=\"title bdevs-el-title\" data-wow-delay=\"\">Le meilleur service IPTV en France<\/h2>                            <\/div>\n                            <div class=\"subscribe-content bdevs-el-content\">\n                                                                    <p>Nous proposons des services IPTV Premium permettant aux utilisateurs de regarder des \u00e9missions de t\u00e9l\u00e9vision fran\u00e7aises et d\u2019acc\u00e9der \u00e0 des contenus vid\u00e9o (Films et S\u00e9ries) via Internet.\n<\/p>\n                                \n                                <h4 class=\"title\"><span>Abonnez-vous \u00e0 Premium TVS<\/span> 24h Essai GRATUIT<\/h4>\n\n                                <a class=\"btn s-btn bdevs-el-btn\" data-wow-delay=\"\" href=\"https:\/\/premium-tvs.com\/fr\/abonnements-iptv-en-france\/\" href=\"https:\/\/premium-tvs.com\/fr\/abonnements-iptv-en-france\/\">Essayer Maintenant<\/a>                            <\/div>\n                        <\/div>\n                    <\/div>\n                <\/div>\n            <\/section>\n\n        \t\t\t\t<\/div>\n\t\t\t\t<\/div>\n\t\t\t\t\t<\/div>\n\t\t<\/div>\n\t\t\t\t\t<\/div>\n\t\t<\/section>\n\t\t\t\t<section class=\"elementor-section elementor-top-section elementor-element elementor-element-5f2440b elementor-section-boxed elementor-section-height-default elementor-section-height-default\" data-id=\"5f2440b\" data-element_type=\"section\">\n\t\t\t\t\t\t<div class=\"elementor-container elementor-column-gap-default\">\n\t\t\t\t\t<div class=\"elementor-column elementor-col-100 elementor-top-column elementor-element elementor-element-cfc76d5\" data-id=\"cfc76d5\" data-element_type=\"column\">\n\t\t\t<div class=\"elementor-widget-wrap elementor-element-populated\">\n\t\t\t\t\t\t<div class=\"elementor-element elementor-element-d11589a elementor-widget elementor-widget-cta bdevs-el cta\" data-id=\"d11589a\" data-element_type=\"widget\" data-settings=\"{&quot;design_style&quot;:&quot;style_2&quot;}\" data-widget_type=\"cta.default\">\n\t\t\t\t<div class=\"elementor-widget-container\">\n\t\t\t\t\t\n        \n            <section class=\"pricing-cta-area\">\n                <div class=\"container\">\n                    <div class=\"row justify-content-center\">\n                        <div class=\"col-lg-7 col-md-10\">\n                            <div class=\"pricing-cta-content text-center bdevs-el-content\">\n                                                                    <h4 class=\"title bdevs-el-subtitle\">Contactez-nous <\/h4>\n                                                                                                    <p>N\u2019h\u00e9sitez pas \u00e0 nous contacter sur l\u2019email pour une assistance exceptionnelle. Nous sommes l\u00e0 pour r\u00e9pondre \u00e0 toutes vos questions et r\u00e9soudre vos pr\u00e9occupations avec diligence.<\/p>\n                                \n                                                                    <a class=\"btn s-btn bdevs-el-btn\" href=\"https:\/\/premium-tvs.com\/fr\/contact\/\">Contactez-nous<\/a>\n                                \n                            <\/div>\n                        <\/div>\n                    <\/div>\n                <\/div>\n            <\/section>\n\n\n        \n\t\t\t\t<\/div>\n\t\t\t\t<\/div>\n\t\t\t\t\t<\/div>\n\t\t<\/div>\n\t\t\t\t\t<\/div>\n\t\t<\/section>\n\t\t\t\t<\/div>\n\t\t","protected":false},"excerpt":{"rendered":"<p>Regardez plus Payez moins avec nos abonnements IPTV en France. Nous proposons des abonnements IPTV en France permettant aux utilisateurs de regarder des \u00e9missions de t\u00e9l\u00e9vision fran\u00e7aises et d\u2019acc\u00e9der \u00e0 des contenus vid\u00e9o (Films et S\u00e9ries) via Internet. Starter TVS 01 \u00e9cran +30k Cha\u00eenes live +100k Films &amp; S\u00e9ries (Netflix, Disney, HBO) Qualit\u00e9 4K\/FHD\/HD\/SD Cha\u00eenes [&hellip;]<\/p>\n","protected":false},"author":1,"featured_media":0,"parent":0,"menu_order":0,"comment_status":"closed","ping_status":"closed","template":"","meta":{"_acf_changed":false,"footnotes":""},"class_list":["post-545","page","type-page","status-publish","hentry"],"acf":[],"_links":{"self":[{"href":"https:\/\/premium-tvs.com\/fr\/wp-json\/wp\/v2\/pages\/545","targetHints":{"allow":["GET"]}}],"collection":[{"href":"https:\/\/premium-tvs.com\/fr\/wp-json\/wp\/v2\/pages"}],"about":[{"href":"https:\/\/premium-tvs.com\/fr\/wp-json\/wp\/v2\/types\/page"}],"author":[{"embeddable":true,"href":"https:\/\/premium-tvs.com\/fr\/wp-json\/wp\/v2\/users\/1"}],"replies":[{"embeddable":true,"href":"https:\/\/premium-tvs.com\/fr\/wp-json\/wp\/v2\/comments?post=545"}],"version-history":[{"count":50,"href":"https:\/\/premium-tvs.com\/fr\/wp-json\/wp\/v2\/pages\/545\/revisions"}],"predecessor-version":[{"id":2250,"href":"https:\/\/premium-tvs.com\/fr\/wp-json\/wp\/v2\/pages\/545\/revisions\/2250"}],"wp:attachment":[{"href":"https:\/\/premium-tvs.com\/fr\/wp-json\/wp\/v2\/media?parent=545"}],"curies":[{"name":"wp","href":"https:\/\/api.w.org\/{rel}","templated":true}]}}